{"id":585,"date":"2025-03-11T22:03:54","date_gmt":"2025-03-12T01:03:54","guid":{"rendered":"https:\/\/vistaverde.art\/?page_id=585"},"modified":"2025-03-12T08:53:46","modified_gmt":"2025-03-12T11:53:46","slug":"bike-friendly-amigos-de-la-bicicleta","status":"publish","type":"page","link":"https:\/\/vistaverde.art\/?page_id=585","title":{"rendered":"Bike Friendly (Amigos de la Bicicleta)"},"content":{"rendered":"\t\t<div data-elementor-type=\"wp-page\" data-elementor-id=\"585\" class=\"elementor elementor-585\">\n\t\t\t\t<div class=\"elementor-element elementor-element-7dce584 e-flex e-con-boxed e-con e-parent\" data-id=\"7dce584\" data-element_type=\"container\">\n\t\t\t\t\t<div class=\"e-con-inner\">\n\t\t\t\t<div class=\"elementor-element elementor-element-41711a0 elementor-widget elementor-widget-text-editor\" data-id=\"41711a0\" data-element_type=\"widget\" data-widget_type=\"text-editor.default\">\n\t\t\t\t<div class=\"elementor-widget-container\">\n\t\t\t\t\t\t\t\t\t<h6><strong>Ven con tu bicicleta<\/strong><\/h6><p>En nuestras caba\u00f1as, no solo encuentras un refugio acogedor, sino tambi\u00e9n un espacio\u00a0<em>bike friendly<\/em>\u00a0dise\u00f1ado para ti y tu bicicleta, con \u00e1reas seguras de almacenamiento y facilidades para que disfrutes al m\u00e1ximo de tu aventura sobre dos ruedas. \u00a1Y si vienes con tu bicicleta, te espera un 20% de descuento en tu estad\u00eda!<\/p>\t\t\t\t\t\t\t\t<\/div>\n\t\t\t\t<\/div>\n\t\t\t\t\t<\/div>\n\t\t\t\t<\/div>\n\t\t<div class=\"elementor-element elementor-element-f5796e2 e-flex e-con-boxed e-con e-parent\" data-id=\"f5796e2\" data-element_type=\"container\">\n\t\t\t\t\t<div class=\"e-con-inner\">\n\t\t\t\t<div class=\"elementor-element elementor-element-ba7399f elementor-widget elementor-widget-image-gallery\" data-id=\"ba7399f\" data-element_type=\"widget\" data-widget_type=\"image-gallery.default\">\n\t\t\t\t<div class=\"elementor-widget-container\">\n\t\t\t\t\t\t\t<div class=\"elementor-image-gallery\">\n\t\t\t<div id='gallery-1' class='gallery galleryid-585 gallery-columns-4 gallery-size-thumbnail'><figure class='gallery-item'>\n\t\t\t<div class='gallery-icon landscape'>\n\t\t\t\t<a data-elementor-open-lightbox=\"yes\" data-elementor-lightbox-slideshow=\"ba7399f\" data-elementor-lightbox-title=\"Paisajes\" data-e-action-hash=\"#elementor-action%3Aaction%3Dlightbox%26settings%3DeyJpZCI6NTg3LCJ1cmwiOiJodHRwczpcL1wvdmlzdGF2ZXJkZS5hcnRcL3dwLWNvbnRlbnRcL3VwbG9hZHNcLzIwMjVcLzAzXC9TY3JlZW5zaG90LTIwMjUtMDMtMTEtMjExNTM4LnBuZyIsInNsaWRlc2hvdyI6ImJhNzM5OWYifQ%3D%3D\" href='https:\/\/vistaverde.art\/wp-content\/uploads\/2025\/03\/Screenshot-2025-03-11-211538.png'><img decoding=\"async\" width=\"150\" height=\"150\" src=\"https:\/\/vistaverde.art\/wp-content\/uploads\/2025\/03\/Screenshot-2025-03-11-211538-150x150.png\" class=\"attachment-thumbnail size-thumbnail\" alt=\"\" aria-describedby=\"gallery-1-587\" srcset=\"https:\/\/vistaverde.art\/wp-content\/uploads\/2025\/03\/Screenshot-2025-03-11-211538-150x150.png 150w, https:\/\/vistaverde.art\/wp-content\/uploads\/2025\/03\/Screenshot-2025-03-11-211538-100x100.png 100w\" sizes=\"100vw\" \/><\/a>\n\t\t\t<\/div>\n\t\t\t\t<figcaption class='wp-caption-text gallery-caption' id='gallery-1-587'>\n\t\t\t\tPaisajes\n\t\t\t\t<\/figcaption><\/figure><figure class='gallery-item'>\n\t\t\t<div class='gallery-icon landscape'>\n\t\t\t\t<a data-elementor-open-lightbox=\"yes\" data-elementor-lightbox-slideshow=\"ba7399f\" data-elementor-lightbox-title=\"Caminos\" data-e-action-hash=\"#elementor-action%3Aaction%3Dlightbox%26settings%3DeyJpZCI6NTg4LCJ1cmwiOiJodHRwczpcL1wvdmlzdGF2ZXJkZS5hcnRcL3dwLWNvbnRlbnRcL3VwbG9hZHNcLzIwMjVcLzAzXC9TY3JlZW5zaG90LTIwMjUtMDMtMTEtMjExODU5LnBuZyIsInNsaWRlc2hvdyI6ImJhNzM5OWYifQ%3D%3D\" href='https:\/\/vistaverde.art\/wp-content\/uploads\/2025\/03\/Screenshot-2025-03-11-211859.png'><img decoding=\"async\" width=\"150\" height=\"150\" src=\"https:\/\/vistaverde.art\/wp-content\/uploads\/2025\/03\/Screenshot-2025-03-11-211859-150x150.png\" class=\"attachment-thumbnail size-thumbnail\" alt=\"\" aria-describedby=\"gallery-1-588\" srcset=\"https:\/\/vistaverde.art\/wp-content\/uploads\/2025\/03\/Screenshot-2025-03-11-211859-150x150.png 150w, https:\/\/vistaverde.art\/wp-content\/uploads\/2025\/03\/Screenshot-2025-03-11-211859-100x100.png 100w\" sizes=\"100vw\" \/><\/a>\n\t\t\t<\/div>\n\t\t\t\t<figcaption class='wp-caption-text gallery-caption' id='gallery-1-588'>\n\t\t\t\tCaminos\n\t\t\t\t<\/figcaption><\/figure><figure class='gallery-item'>\n\t\t\t<div class='gallery-icon landscape'>\n\t\t\t\t<a data-elementor-open-lightbox=\"yes\" data-elementor-lightbox-slideshow=\"ba7399f\" data-elementor-lightbox-title=\"Aventura\" data-e-action-hash=\"#elementor-action%3Aaction%3Dlightbox%26settings%3DeyJpZCI6NTk4LCJ1cmwiOiJodHRwczpcL1wvdmlzdGF2ZXJkZS5hcnRcL3dwLWNvbnRlbnRcL3VwbG9hZHNcLzIwMjVcLzAzXC9TY3JlZW5zaG90LTIwMjUtMDMtMTEtMjEyOTQ5LTEucG5nIiwic2xpZGVzaG93IjoiYmE3Mzk5ZiJ9\" href='https:\/\/vistaverde.art\/wp-content\/uploads\/2025\/03\/Screenshot-2025-03-11-212949-1.png'><img decoding=\"async\" width=\"150\" height=\"150\" src=\"https:\/\/vistaverde.art\/wp-content\/uploads\/2025\/03\/Screenshot-2025-03-11-212949-1-150x150.png\" class=\"attachment-thumbnail size-thumbnail\" alt=\"\" aria-describedby=\"gallery-1-598\" srcset=\"https:\/\/vistaverde.art\/wp-content\/uploads\/2025\/03\/Screenshot-2025-03-11-212949-1-150x150.png 150w, https:\/\/vistaverde.art\/wp-content\/uploads\/2025\/03\/Screenshot-2025-03-11-212949-1-100x100.png 100w\" sizes=\"100vw\" \/><\/a>\n\t\t\t<\/div>\n\t\t\t\t<figcaption class='wp-caption-text gallery-caption' id='gallery-1-598'>\n\t\t\t\tAventura\n\t\t\t\t<\/figcaption><\/figure><figure class='gallery-item'>\n\t\t\t<div class='gallery-icon landscape'>\n\t\t\t\t<a data-elementor-open-lightbox=\"yes\" data-elementor-lightbox-slideshow=\"ba7399f\" data-elementor-lightbox-title=\"Vistas\" data-e-action-hash=\"#elementor-action%3Aaction%3Dlightbox%26settings%3DeyJpZCI6NTk5LCJ1cmwiOiJodHRwczpcL1wvdmlzdGF2ZXJkZS5hcnRcL3dwLWNvbnRlbnRcL3VwbG9hZHNcLzIwMjVcLzAzXC9TY3JlZW5zaG90LTIwMjUtMDMtMTEtMjEzMjE3LTIucG5nIiwic2xpZGVzaG93IjoiYmE3Mzk5ZiJ9\" href='https:\/\/vistaverde.art\/wp-content\/uploads\/2025\/03\/Screenshot-2025-03-11-213217-2.png'><img loading=\"lazy\" decoding=\"async\" width=\"150\" height=\"150\" src=\"https:\/\/vistaverde.art\/wp-content\/uploads\/2025\/03\/Screenshot-2025-03-11-213217-2-150x150.png\" class=\"attachment-thumbnail size-thumbnail\" alt=\"\" aria-describedby=\"gallery-1-599\" srcset=\"https:\/\/vistaverde.art\/wp-content\/uploads\/2025\/03\/Screenshot-2025-03-11-213217-2-150x150.png 150w, https:\/\/vistaverde.art\/wp-content\/uploads\/2025\/03\/Screenshot-2025-03-11-213217-2-100x100.png 100w\" sizes=\"100vw\" \/><\/a>\n\t\t\t<\/div>\n\t\t\t\t<figcaption class='wp-caption-text gallery-caption' id='gallery-1-599'>\n\t\t\t\tVistas\n\t\t\t\t<\/figcaption><\/figure><figure class='gallery-item'>\n\t\t\t<div class='gallery-icon landscape'>\n\t\t\t\t<a data-elementor-open-lightbox=\"yes\" data-elementor-lightbox-slideshow=\"ba7399f\" data-elementor-lightbox-title=\"11738_orig_pre-vga\" data-e-action-hash=\"#elementor-action%3Aaction%3Dlightbox%26settings%3DeyJpZCI6NjE0LCJ1cmwiOiJodHRwczpcL1wvdmlzdGF2ZXJkZS5hcnRcL3dwLWNvbnRlbnRcL3VwbG9hZHNcLzIwMjVcLzAzXC8xMTczOF9vcmlnX3ByZS12Z2EtMS5qcGciLCJzbGlkZXNob3ciOiJiYTczOTlmIn0%3D\" href='https:\/\/vistaverde.art\/wp-content\/uploads\/2025\/03\/11738_orig_pre-vga-1.jpg'><img loading=\"lazy\" decoding=\"async\" width=\"150\" height=\"150\" src=\"https:\/\/vistaverde.art\/wp-content\/uploads\/2025\/03\/11738_orig_pre-vga-1-150x150.jpg\" class=\"attachment-thumbnail size-thumbnail\" alt=\"\" srcset=\"https:\/\/vistaverde.art\/wp-content\/uploads\/2025\/03\/11738_orig_pre-vga-1-150x150.jpg 150w, https:\/\/vistaverde.art\/wp-content\/uploads\/2025\/03\/11738_orig_pre-vga-1-100x100.jpg 100w\" sizes=\"100vw\" \/><\/a>\n\t\t\t<\/div><\/figure><figure class='gallery-item'>\n\t\t\t<div class='gallery-icon portrait'>\n\t\t\t\t<a data-elementor-open-lightbox=\"yes\" data-elementor-lightbox-slideshow=\"ba7399f\" data-elementor-lightbox-title=\"3043_orig_pre-fullhd\" data-e-action-hash=\"#elementor-action%3Aaction%3Dlightbox%26settings%3DeyJpZCI6NjE1LCJ1cmwiOiJodHRwczpcL1wvdmlzdGF2ZXJkZS5hcnRcL3dwLWNvbnRlbnRcL3VwbG9hZHNcLzIwMjVcLzAzXC8zMDQzX29yaWdfcHJlLWZ1bGxoZC5qcGciLCJzbGlkZXNob3ciOiJiYTczOTlmIn0%3D\" href='https:\/\/vistaverde.art\/wp-content\/uploads\/2025\/03\/3043_orig_pre-fullhd.jpg'><img loading=\"lazy\" decoding=\"async\" width=\"150\" height=\"150\" src=\"https:\/\/vistaverde.art\/wp-content\/uploads\/2025\/03\/3043_orig_pre-fullhd-150x150.jpg\" class=\"attachment-thumbnail size-thumbnail\" alt=\"\" srcset=\"https:\/\/vistaverde.art\/wp-content\/uploads\/2025\/03\/3043_orig_pre-fullhd-150x150.jpg 150w, https:\/\/vistaverde.art\/wp-content\/uploads\/2025\/03\/3043_orig_pre-fullhd-100x100.jpg 100w\" sizes=\"100vw\" \/><\/a>\n\t\t\t<\/div><\/figure><figure class='gallery-item'>\n\t\t\t<div class='gallery-icon landscape'>\n\t\t\t\t<a data-elementor-open-lightbox=\"yes\" data-elementor-lightbox-slideshow=\"ba7399f\" data-elementor-lightbox-title=\"5051_orig_pre-fullhd\" data-e-action-hash=\"#elementor-action%3Aaction%3Dlightbox%26settings%3DeyJpZCI6NjE2LCJ1cmwiOiJodHRwczpcL1wvdmlzdGF2ZXJkZS5hcnRcL3dwLWNvbnRlbnRcL3VwbG9hZHNcLzIwMjVcLzAzXC81MDUxX29yaWdfcHJlLWZ1bGxoZC5qcGciLCJzbGlkZXNob3ciOiJiYTczOTlmIn0%3D\" href='https:\/\/vistaverde.art\/wp-content\/uploads\/2025\/03\/5051_orig_pre-fullhd.jpg'><img loading=\"lazy\" decoding=\"async\" width=\"150\" height=\"150\" src=\"https:\/\/vistaverde.art\/wp-content\/uploads\/2025\/03\/5051_orig_pre-fullhd-150x150.jpg\" class=\"attachment-thumbnail size-thumbnail\" alt=\"\" srcset=\"https:\/\/vistaverde.art\/wp-content\/uploads\/2025\/03\/5051_orig_pre-fullhd-150x150.jpg 150w, https:\/\/vistaverde.art\/wp-content\/uploads\/2025\/03\/5051_orig_pre-fullhd-100x100.jpg 100w\" sizes=\"100vw\" \/><\/a>\n\t\t\t<\/div><\/figure><figure class='gallery-item'>\n\t\t\t<div class='gallery-icon landscape'>\n\t\t\t\t<a data-elementor-open-lightbox=\"yes\" data-elementor-lightbox-slideshow=\"ba7399f\" data-elementor-lightbox-title=\"Bicycle-Friendly-logo\" data-e-action-hash=\"#elementor-action%3Aaction%3Dlightbox%26settings%3DeyJpZCI6NjE3LCJ1cmwiOiJodHRwczpcL1wvdmlzdGF2ZXJkZS5hcnRcL3dwLWNvbnRlbnRcL3VwbG9hZHNcLzIwMjVcLzAzXC9CaWN5Y2xlLUZyaWVuZGx5LWxvZ28ud2VicCIsInNsaWRlc2hvdyI6ImJhNzM5OWYifQ%3D%3D\" href='https:\/\/vistaverde.art\/wp-content\/uploads\/2025\/03\/Bicycle-Friendly-logo.webp'><img loading=\"lazy\" decoding=\"async\" width=\"150\" height=\"150\" src=\"https:\/\/vistaverde.art\/wp-content\/uploads\/2025\/03\/Bicycle-Friendly-logo-150x150.webp\" class=\"attachment-thumbnail size-thumbnail\" alt=\"\" srcset=\"https:\/\/vistaverde.art\/wp-content\/uploads\/2025\/03\/Bicycle-Friendly-logo-150x150.webp 150w, https:\/\/vistaverde.art\/wp-content\/uploads\/2025\/03\/Bicycle-Friendly-logo-100x100.webp 100w\" sizes=\"100vw\" \/><\/a>\n\t\t\t<\/div><\/figure><figure class='gallery-item'>\n\t\t\t<div class='gallery-icon landscape'>\n\t\t\t\t<a data-elementor-open-lightbox=\"yes\" data-elementor-lightbox-slideshow=\"ba7399f\" data-elementor-lightbox-title=\"fierementvelo_logo6x6_bm-300x300\" data-e-action-hash=\"#elementor-action%3Aaction%3Dlightbox%26settings%3DeyJpZCI6NjIyLCJ1cmwiOiJodHRwczpcL1wvdmlzdGF2ZXJkZS5hcnRcL3dwLWNvbnRlbnRcL3VwbG9hZHNcLzIwMjVcLzAzXC9maWVyZW1lbnR2ZWxvX2xvZ282eDZfYm0tMzAweDMwMC0xLnBuZyIsInNsaWRlc2hvdyI6ImJhNzM5OWYifQ%3D%3D\" href='https:\/\/vistaverde.art\/wp-content\/uploads\/2025\/03\/fierementvelo_logo6x6_bm-300x300-1.png'><img loading=\"lazy\" decoding=\"async\" width=\"150\" height=\"150\" src=\"https:\/\/vistaverde.art\/wp-content\/uploads\/2025\/03\/fierementvelo_logo6x6_bm-300x300-1-150x150.png\" class=\"attachment-thumbnail size-thumbnail\" alt=\"\" srcset=\"https:\/\/vistaverde.art\/wp-content\/uploads\/2025\/03\/fierementvelo_logo6x6_bm-300x300-1-150x150.png 150w, https:\/\/vistaverde.art\/wp-content\/uploads\/2025\/03\/fierementvelo_logo6x6_bm-300x300-1-100x100.png 100w, https:\/\/vistaverde.art\/wp-content\/uploads\/2025\/03\/fierementvelo_logo6x6_bm-300x300-1.png 300w\" sizes=\"100vw\" \/><\/a>\n\t\t\t<\/div><\/figure>\n\t\t<\/div>\n\t\t<\/div>\n\t\t\t\t\t\t<\/div>\n\t\t\t\t<\/div>\n\t\t\t\t\t<\/div>\n\t\t\t\t<\/div>\n\t\t\t\t<\/div>\n\t\t","protected":false},"excerpt":{"rendered":"<p>Ven con tu bicicleta En nuestras caba\u00f1as, no solo encuentras un refugio acogedor, sino tambi\u00e9n un espacio\u00a0bike friendly\u00a0dise\u00f1ado para ti y tu bicicleta, con \u00e1reas seguras de almacenamiento y facilidades para que disfrutes al m\u00e1ximo de tu aventura sobre dos ruedas. \u00a1Y si vienes con tu bicicleta, te espera un 20% de descuento en tu &hellip; <\/p>\n<p class=\"link-more\"><a href=\"https:\/\/vistaverde.art\/?page_id=585\" class=\"more-link\">Continue reading<span class=\"screen-reader-text\"> &#8220;Bike Friendly (Amigos de la Bicicleta)&#8221;<\/span><\/a><\/p>\n","protected":false},"author":1,"featured_media":0,"parent":0,"menu_order":0,"comment_status":"closed","ping_status":"closed","template":"","meta":{"footnotes":""},"class_list":["post-585","page","type-page","status-publish","hentry"],"_links":{"self":[{"href":"https:\/\/vistaverde.art\/index.php?rest_route=\/wp\/v2\/pages\/585","targetHints":{"allow":["GET"]}}],"collection":[{"href":"https:\/\/vistaverde.art\/index.php?rest_route=\/wp\/v2\/pages"}],"about":[{"href":"https:\/\/vistaverde.art\/index.php?rest_route=\/wp\/v2\/types\/page"}],"author":[{"embeddable":true,"href":"https:\/\/vistaverde.art\/index.php?rest_route=\/wp\/v2\/users\/1"}],"replies":[{"embeddable":true,"href":"https:\/\/vistaverde.art\/index.php?rest_route=%2Fwp%2Fv2%2Fcomments&post=585"}],"version-history":[{"count":5,"href":"https:\/\/vistaverde.art\/index.php?rest_route=\/wp\/v2\/pages\/585\/revisions"}],"predecessor-version":[{"id":625,"href":"https:\/\/vistaverde.art\/index.php?rest_route=\/wp\/v2\/pages\/585\/revisions\/625"}],"wp:attachment":[{"href":"https:\/\/vistaverde.art\/index.php?rest_route=%2Fwp%2Fv2%2Fmedia&parent=585"}],"curies":[{"name":"wp","href":"https:\/\/api.w.org\/{rel}","templated":true}]}}