{"id":393,"date":"2025-01-15T21:07:01","date_gmt":"2025-01-16T00:07:01","guid":{"rendered":"https:\/\/vistaverde.art\/?page_id=393"},"modified":"2025-02-07T22:13:22","modified_gmt":"2025-02-08T01:13:22","slug":"descripcion-de-cabana-cururo","status":"publish","type":"page","link":"https:\/\/vistaverde.art\/?page_id=393","title":{"rendered":"Descripci\u00f3n de caba\u00f1a Cururo"},"content":{"rendered":"\t\t<div data-elementor-type=\"wp-page\" data-elementor-id=\"393\" class=\"elementor elementor-393\">\n\t\t\t\t<div class=\"elementor-element elementor-element-d9f6a45 e-flex e-con-boxed e-con e-parent\" data-id=\"d9f6a45\" data-element_type=\"container\">\n\t\t\t\t\t<div class=\"e-con-inner\">\n\t\t\t\t<div class=\"elementor-element elementor-element-990398d elementor-widget elementor-widget-text-editor\" data-id=\"990398d\" data-element_type=\"widget\" data-widget_type=\"text-editor.default\">\n\t\t\t\t<div class=\"elementor-widget-container\">\n\t\t\t\t\t\t\t\t\t<h6><strong>Nombre de esta caba\u00f1a : Cururo<\/strong><\/h6>\n<p>Cururo cuenta con ba\u00f1o, ducha, cama doble, cocina, refrigerador. cocina a inducci\u00f3n y terraza con vista al oc\u00e9ano.<\/p>\t\t\t\t\t\t\t\t<\/div>\n\t\t\t\t<\/div>\n\t\t\t\t\t<\/div>\n\t\t\t\t<\/div>\n\t\t<div class=\"elementor-element elementor-element-50666b2b e-flex e-con-boxed e-con e-parent\" data-id=\"50666b2b\" data-element_type=\"container\">\n\t\t\t\t\t<div class=\"e-con-inner\">\n\t\t\t\t<div class=\"elementor-element elementor-element-528c7caa elementor-widget elementor-widget-text-editor\" data-id=\"528c7caa\" data-element_type=\"widget\" data-widget_type=\"text-editor.default\">\n\t\t\t\t<div class=\"elementor-widget-container\">\n\t\t\t\t\t\t\t\t\t\n<figure class=\"wp-block-gallery has-nested-images columns-default is-cropped wp-block-gallery-2 is-layout-flex wp-block-gallery-is-layout-flex\">\n<figure class=\"wp-block-image size-large\"><img fetchpriority=\"high\" decoding=\"async\" width=\"576\" height=\"1024\" data-id=\"394\" class=\"wp-image-394\" src=\"https:\/\/vistaverde.art\/wp-content\/uploads\/2025\/01\/IMG-20250115-WA0010-576x1024.jpg\" alt=\"\" srcset=\"https:\/\/vistaverde.art\/wp-content\/uploads\/2025\/01\/IMG-20250115-WA0010-576x1024.jpg 576w, https:\/\/vistaverde.art\/wp-content\/uploads\/2025\/01\/IMG-20250115-WA0010-169x300.jpg 169w, https:\/\/vistaverde.art\/wp-content\/uploads\/2025\/01\/IMG-20250115-WA0010.jpg 720w\" sizes=\"(max-width: 576px) 100vw, 576px\" \/><\/figure>\n\n<figure class=\"wp-block-image size-large\"><img decoding=\"async\" width=\"576\" height=\"1024\" data-id=\"395\" class=\"wp-image-395\" src=\"https:\/\/vistaverde.art\/wp-content\/uploads\/2025\/01\/IMG-20250115-WA0011-576x1024.jpg\" alt=\"\" srcset=\"https:\/\/vistaverde.art\/wp-content\/uploads\/2025\/01\/IMG-20250115-WA0011-576x1024.jpg 576w, https:\/\/vistaverde.art\/wp-content\/uploads\/2025\/01\/IMG-20250115-WA0011-169x300.jpg 169w, https:\/\/vistaverde.art\/wp-content\/uploads\/2025\/01\/IMG-20250115-WA0011.jpg 720w\" sizes=\"(max-width: 576px) 100vw, 576px\" \/><\/figure>\n\n<figure class=\"wp-block-image size-large\"><img decoding=\"async\" width=\"576\" height=\"1024\" data-id=\"396\" class=\"wp-image-396\" src=\"https:\/\/vistaverde.art\/wp-content\/uploads\/2025\/01\/IMG-20250115-WA0012-576x1024.jpg\" alt=\"\" srcset=\"https:\/\/vistaverde.art\/wp-content\/uploads\/2025\/01\/IMG-20250115-WA0012-576x1024.jpg 576w, https:\/\/vistaverde.art\/wp-content\/uploads\/2025\/01\/IMG-20250115-WA0012-169x300.jpg 169w, https:\/\/vistaverde.art\/wp-content\/uploads\/2025\/01\/IMG-20250115-WA0012.jpg 720w\" sizes=\"(max-width: 576px) 100vw, 576px\" \/><\/figure>\n\n<figure class=\"wp-block-image size-large\"><img loading=\"lazy\" decoding=\"async\" width=\"576\" height=\"1024\" data-id=\"400\" class=\"wp-image-400\" src=\"https:\/\/vistaverde.art\/wp-content\/uploads\/2025\/01\/IMG-20250115-WA0013-576x1024.jpg\" alt=\"\" srcset=\"https:\/\/vistaverde.art\/wp-content\/uploads\/2025\/01\/IMG-20250115-WA0013-576x1024.jpg 576w, https:\/\/vistaverde.art\/wp-content\/uploads\/2025\/01\/IMG-20250115-WA0013-169x300.jpg 169w, https:\/\/vistaverde.art\/wp-content\/uploads\/2025\/01\/IMG-20250115-WA0013.jpg 720w\" sizes=\"(max-width: 576px) 100vw, 576px\" \/><\/figure>\n\n<figure class=\"wp-block-image size-large\"><img loading=\"lazy\" decoding=\"async\" width=\"576\" height=\"1024\" data-id=\"398\" class=\"wp-image-398\" src=\"https:\/\/vistaverde.art\/wp-content\/uploads\/2025\/01\/IMG-20250115-WA0014-576x1024.jpg\" alt=\"\" srcset=\"https:\/\/vistaverde.art\/wp-content\/uploads\/2025\/01\/IMG-20250115-WA0014-576x1024.jpg 576w, https:\/\/vistaverde.art\/wp-content\/uploads\/2025\/01\/IMG-20250115-WA0014-169x300.jpg 169w, https:\/\/vistaverde.art\/wp-content\/uploads\/2025\/01\/IMG-20250115-WA0014.jpg 720w\" sizes=\"(max-width: 576px) 100vw, 576px\" \/><\/figure>\n\n<figure class=\"wp-block-image size-large\"><img loading=\"lazy\" decoding=\"async\" width=\"576\" height=\"1024\" data-id=\"397\" class=\"wp-image-397\" src=\"https:\/\/vistaverde.art\/wp-content\/uploads\/2025\/01\/IMG-20250115-WA0015-576x1024.jpg\" alt=\"\" srcset=\"https:\/\/vistaverde.art\/wp-content\/uploads\/2025\/01\/IMG-20250115-WA0015-576x1024.jpg 576w, https:\/\/vistaverde.art\/wp-content\/uploads\/2025\/01\/IMG-20250115-WA0015-169x300.jpg 169w, https:\/\/vistaverde.art\/wp-content\/uploads\/2025\/01\/IMG-20250115-WA0015.jpg 720w\" sizes=\"(max-width: 576px) 100vw, 576px\" \/><\/figure>\n\n<figure class=\"wp-block-image size-large\"><img loading=\"lazy\" decoding=\"async\" width=\"576\" height=\"1024\" data-id=\"401\" class=\"wp-image-401\" src=\"https:\/\/vistaverde.art\/wp-content\/uploads\/2025\/01\/IMG-20250115-WA0016-576x1024.jpg\" alt=\"\" srcset=\"https:\/\/vistaverde.art\/wp-content\/uploads\/2025\/01\/IMG-20250115-WA0016-576x1024.jpg 576w, https:\/\/vistaverde.art\/wp-content\/uploads\/2025\/01\/IMG-20250115-WA0016-169x300.jpg 169w, https:\/\/vistaverde.art\/wp-content\/uploads\/2025\/01\/IMG-20250115-WA0016-768x1365.jpg 768w, https:\/\/vistaverde.art\/wp-content\/uploads\/2025\/01\/IMG-20250115-WA0016-864x1536.jpg 864w, https:\/\/vistaverde.art\/wp-content\/uploads\/2025\/01\/IMG-20250115-WA0016.jpg 900w\" sizes=\"(max-width: 576px) 100vw, 576px\" \/><\/figure>\n\n<figure class=\"wp-block-image size-large\"><img loading=\"lazy\" decoding=\"async\" width=\"576\" height=\"1024\" data-id=\"399\" class=\"wp-image-399\" src=\"https:\/\/vistaverde.art\/wp-content\/uploads\/2025\/01\/IMG-20250115-WA0017-576x1024.jpg\" alt=\"\" srcset=\"https:\/\/vistaverde.art\/wp-content\/uploads\/2025\/01\/IMG-20250115-WA0017-576x1024.jpg 576w, https:\/\/vistaverde.art\/wp-content\/uploads\/2025\/01\/IMG-20250115-WA0017-169x300.jpg 169w, https:\/\/vistaverde.art\/wp-content\/uploads\/2025\/01\/IMG-20250115-WA0017-768x1365.jpg 768w, https:\/\/vistaverde.art\/wp-content\/uploads\/2025\/01\/IMG-20250115-WA0017-864x1536.jpg 864w, https:\/\/vistaverde.art\/wp-content\/uploads\/2025\/01\/IMG-20250115-WA0017.jpg 900w\" sizes=\"(max-width: 576px) 100vw, 576px\" \/><\/figure>\n\n<figure class=\"wp-block-image size-large\"><img loading=\"lazy\" decoding=\"async\" width=\"576\" height=\"1024\" data-id=\"406\" class=\"wp-image-406\" src=\"https:\/\/vistaverde.art\/wp-content\/uploads\/2025\/01\/IMG-20250115-WA0019-576x1024.jpg\" alt=\"\" srcset=\"https:\/\/vistaverde.art\/wp-content\/uploads\/2025\/01\/IMG-20250115-WA0019-576x1024.jpg 576w, https:\/\/vistaverde.art\/wp-content\/uploads\/2025\/01\/IMG-20250115-WA0019-169x300.jpg 169w, https:\/\/vistaverde.art\/wp-content\/uploads\/2025\/01\/IMG-20250115-WA0019-768x1365.jpg 768w, https:\/\/vistaverde.art\/wp-content\/uploads\/2025\/01\/IMG-20250115-WA0019-864x1536.jpg 864w, https:\/\/vistaverde.art\/wp-content\/uploads\/2025\/01\/IMG-20250115-WA0019.jpg 900w\" sizes=\"(max-width: 576px) 100vw, 576px\" \/><\/figure>\n\n<figure class=\"wp-block-image size-large\"><img loading=\"lazy\" decoding=\"async\" width=\"576\" height=\"1024\" data-id=\"404\" class=\"wp-image-404\" src=\"https:\/\/vistaverde.art\/wp-content\/uploads\/2025\/01\/IMG-20250115-WA0020-576x1024.jpg\" alt=\"\" srcset=\"https:\/\/vistaverde.art\/wp-content\/uploads\/2025\/01\/IMG-20250115-WA0020-576x1024.jpg 576w, https:\/\/vistaverde.art\/wp-content\/uploads\/2025\/01\/IMG-20250115-WA0020-169x300.jpg 169w, https:\/\/vistaverde.art\/wp-content\/uploads\/2025\/01\/IMG-20250115-WA0020-768x1365.jpg 768w, https:\/\/vistaverde.art\/wp-content\/uploads\/2025\/01\/IMG-20250115-WA0020-864x1536.jpg 864w, https:\/\/vistaverde.art\/wp-content\/uploads\/2025\/01\/IMG-20250115-WA0020.jpg 900w\" sizes=\"(max-width: 576px) 100vw, 576px\" \/><\/figure>\n\n<figure class=\"wp-block-image size-large\"><img loading=\"lazy\" decoding=\"async\" width=\"576\" height=\"1024\" data-id=\"402\" class=\"wp-image-402\" src=\"https:\/\/vistaverde.art\/wp-content\/uploads\/2025\/01\/IMG-20250115-WA0023-576x1024.jpg\" alt=\"\" srcset=\"https:\/\/vistaverde.art\/wp-content\/uploads\/2025\/01\/IMG-20250115-WA0023-576x1024.jpg 576w, https:\/\/vistaverde.art\/wp-content\/uploads\/2025\/01\/IMG-20250115-WA0023-169x300.jpg 169w, https:\/\/vistaverde.art\/wp-content\/uploads\/2025\/01\/IMG-20250115-WA0023-768x1365.jpg 768w, https:\/\/vistaverde.art\/wp-content\/uploads\/2025\/01\/IMG-20250115-WA0023-864x1536.jpg 864w, https:\/\/vistaverde.art\/wp-content\/uploads\/2025\/01\/IMG-20250115-WA0023.jpg 900w\" sizes=\"(max-width: 576px) 100vw, 576px\" \/><\/figure>\n\n<figure class=\"wp-block-image size-large\"><img loading=\"lazy\" decoding=\"async\" width=\"576\" height=\"1024\" data-id=\"407\" class=\"wp-image-407\" src=\"https:\/\/vistaverde.art\/wp-content\/uploads\/2025\/01\/IMG-20250115-WA0024-576x1024.jpg\" alt=\"\" srcset=\"https:\/\/vistaverde.art\/wp-content\/uploads\/2025\/01\/IMG-20250115-WA0024-576x1024.jpg 576w, https:\/\/vistaverde.art\/wp-content\/uploads\/2025\/01\/IMG-20250115-WA0024-169x300.jpg 169w, https:\/\/vistaverde.art\/wp-content\/uploads\/2025\/01\/IMG-20250115-WA0024-768x1365.jpg 768w, https:\/\/vistaverde.art\/wp-content\/uploads\/2025\/01\/IMG-20250115-WA0024-864x1536.jpg 864w, https:\/\/vistaverde.art\/wp-content\/uploads\/2025\/01\/IMG-20250115-WA0024.jpg 900w\" sizes=\"(max-width: 576px) 100vw, 576px\" \/><\/figure>\n\n<figure class=\"wp-block-image size-large\"><img loading=\"lazy\" decoding=\"async\" width=\"576\" height=\"1024\" data-id=\"403\" class=\"wp-image-403\" src=\"https:\/\/vistaverde.art\/wp-content\/uploads\/2025\/01\/WhatsApp-Image-2025-01-15-at-09.15.09_800fffdf-576x1024.jpg\" alt=\"\" srcset=\"https:\/\/vistaverde.art\/wp-content\/uploads\/2025\/01\/WhatsApp-Image-2025-01-15-at-09.15.09_800fffdf-576x1024.jpg 576w, https:\/\/vistaverde.art\/wp-content\/uploads\/2025\/01\/WhatsApp-Image-2025-01-15-at-09.15.09_800fffdf-169x300.jpg 169w, https:\/\/vistaverde.art\/wp-content\/uploads\/2025\/01\/WhatsApp-Image-2025-01-15-at-09.15.09_800fffdf-768x1365.jpg 768w, https:\/\/vistaverde.art\/wp-content\/uploads\/2025\/01\/WhatsApp-Image-2025-01-15-at-09.15.09_800fffdf-864x1536.jpg 864w, https:\/\/vistaverde.art\/wp-content\/uploads\/2025\/01\/WhatsApp-Image-2025-01-15-at-09.15.09_800fffdf.jpg 900w\" sizes=\"(max-width: 576px) 100vw, 576px\" \/><\/figure>\n<\/figure>\n\t\t\t\t\t\t\t\t<\/div>\n\t\t\t\t<\/div>\n\t\t\t\t<div class=\"elementor-element elementor-element-14e1dbb elementor-widget elementor-widget-text-editor\" data-id=\"14e1dbb\" data-element_type=\"widget\" data-widget_type=\"text-editor.default\">\n\t\t\t\t<div class=\"elementor-widget-container\">\n\t\t\t\t\t\t\t\t\t\n<h6 class=\"wp-block-heading\">\u00a0<\/h6>\n\n<p><\/p><\/div><\/div><\/div><\/div><\/div> <a href=\"https:\/\/vistaverde.art\/?page_id=393#more-393\" class=\"more-link elementor-more-link\"><span aria-label=\"Sigue leyendo Descripci\u00f3n de caba\u00f1a Cururo\">ELIGE TU MODO DE RESERVACI\u00d3N<\/span><\/a>","protected":false},"excerpt":{"rendered":"<p>Nombre de esta caba\u00f1a : Cururo Cururo cuenta con ba\u00f1o, ducha, cama doble, cocina, refrigerador. cocina a inducci\u00f3n y terraza con vista al oc\u00e9ano. \u00a0<\/p>\n","protected":false},"author":1,"featured_media":0,"parent":10,"menu_order":0,"comment_status":"closed","ping_status":"closed","template":"","meta":{"footnotes":""},"class_list":["post-393","page","type-page","status-publish","hentry"],"_links":{"self":[{"href":"https:\/\/vistaverde.art\/index.php?rest_route=\/wp\/v2\/pages\/393","targetHints":{"allow":["GET"]}}],"collection":[{"href":"https:\/\/vistaverde.art\/index.php?rest_route=\/wp\/v2\/pages"}],"about":[{"href":"https:\/\/vistaverde.art\/index.php?rest_route=\/wp\/v2\/types\/page"}],"author":[{"embeddable":true,"href":"https:\/\/vistaverde.art\/index.php?rest_route=\/wp\/v2\/users\/1"}],"replies":[{"embeddable":true,"href":"https:\/\/vistaverde.art\/index.php?rest_route=%2Fwp%2Fv2%2Fcomments&post=393"}],"version-history":[{"count":5,"href":"https:\/\/vistaverde.art\/index.php?rest_route=\/wp\/v2\/pages\/393\/revisions"}],"predecessor-version":[{"id":518,"href":"https:\/\/vistaverde.art\/index.php?rest_route=\/wp\/v2\/pages\/393\/revisions\/518"}],"up":[{"embeddable":true,"href":"https:\/\/vistaverde.art\/index.php?rest_route=\/wp\/v2\/pages\/10"}],"wp:attachment":[{"href":"https:\/\/vistaverde.art\/index.php?rest_route=%2Fwp%2Fv2%2Fmedia&parent=393"}],"curies":[{"name":"wp","href":"https:\/\/api.w.org\/{rel}","templated":true}]}}