{"id":319,"date":"2025-01-05T14:00:40","date_gmt":"2025-01-05T17:00:40","guid":{"rendered":"https:\/\/vistaverde.art\/?page_id=319"},"modified":"2026-04-01T11:40:30","modified_gmt":"2026-04-01T14:40:30","slug":"disponibilidad-para-grupos-y-eventos","status":"publish","type":"page","link":"https:\/\/vistaverde.art\/?page_id=319","title":{"rendered":"Disponibilidad para Grupos y Eventos"},"content":{"rendered":"\t\t<div data-elementor-type=\"wp-page\" data-elementor-id=\"319\" class=\"elementor elementor-319\">\n\t\t\t\t<div class=\"elementor-element elementor-element-2f063e9 e-flex e-con-boxed e-con e-parent\" data-id=\"2f063e9\" data-element_type=\"container\">\n\t\t\t\t\t<div class=\"e-con-inner\">\n\t\t\t\t<div class=\"elementor-element elementor-element-5264b7d elementor-widget elementor-widget-text-editor\" data-id=\"5264b7d\" data-element_type=\"widget\" data-widget_type=\"text-editor.default\">\n\t\t\t\t<div class=\"elementor-widget-container\">\n\t\t\t\t\t\t\t\t\t<p class=\"MsoNormal\"><span lang=\"ES-CL\">Nuestro conjunto de caba\u00f1as est\u00e1 disponible para eventos en los que se requiere una mayor capacidad de acogida.\u00a0<\/span><\/p>\n<p class=\"MsoNormal\"><span lang=\"ES-CL\">Ya sea para un encuentro familiar, turismo de grupos, instituciones o matrimonios, \u00a1haremos lo posible por acomodar a todos sus invitados!<\/span><\/p>\n<p class=\"MsoNormal\"><span lang=\"ES-CL\">Contacte a los due\u00f1os para m\u00e1s informaci\u00f3n.<\/span><\/p>\n<p>Como empresa, entregaremos boleta o factura segun el caso.<\/p>\t\t\t\t\t\t\t\t<\/div>\n\t\t\t\t<\/div>\n\t\t\t\t\t<\/div>\n\t\t\t\t<\/div>\n\t\t\t\t<\/div>\n\t\t","protected":false},"excerpt":{"rendered":"<p>Nuestro conjunto de caba\u00f1as est\u00e1 disponible para eventos en los que se requiere una mayor capacidad de acogida.\u00a0 Ya sea para un encuentro familiar, turismo de grupos, instituciones o matrimonios, \u00a1haremos lo posible por acomodar a todos sus invitados! Contacte a los due\u00f1os para m\u00e1s informaci\u00f3n. Como empresa, entregaremos boleta o factura segun el caso.<\/p>\n","protected":false},"author":1,"featured_media":48,"parent":0,"menu_order":0,"comment_status":"closed","ping_status":"closed","template":"","meta":{"footnotes":""},"class_list":["post-319","page","type-page","status-publish","has-post-thumbnail","hentry"],"_links":{"self":[{"href":"https:\/\/vistaverde.art\/index.php?rest_route=\/wp\/v2\/pages\/319","targetHints":{"allow":["GET"]}}],"collection":[{"href":"https:\/\/vistaverde.art\/index.php?rest_route=\/wp\/v2\/pages"}],"about":[{"href":"https:\/\/vistaverde.art\/index.php?rest_route=\/wp\/v2\/types\/page"}],"author":[{"embeddable":true,"href":"https:\/\/vistaverde.art\/index.php?rest_route=\/wp\/v2\/users\/1"}],"replies":[{"embeddable":true,"href":"https:\/\/vistaverde.art\/index.php?rest_route=%2Fwp%2Fv2%2Fcomments&post=319"}],"version-history":[{"count":5,"href":"https:\/\/vistaverde.art\/index.php?rest_route=\/wp\/v2\/pages\/319\/revisions"}],"predecessor-version":[{"id":632,"href":"https:\/\/vistaverde.art\/index.php?rest_route=\/wp\/v2\/pages\/319\/revisions\/632"}],"wp:featuredmedia":[{"embeddable":true,"href":"https:\/\/vistaverde.art\/index.php?rest_route=\/wp\/v2\/media\/48"}],"wp:attachment":[{"href":"https:\/\/vistaverde.art\/index.php?rest_route=%2Fwp%2Fv2%2Fmedia&parent=319"}],"curies":[{"name":"wp","href":"https:\/\/api.w.org\/{rel}","templated":true}]}}