{"id":119,"date":"2025-01-02T14:27:47","date_gmt":"2025-01-02T14:27:47","guid":{"rendered":"https:\/\/vistaverde.art\/?page_id=119"},"modified":"2025-01-05T14:29:05","modified_gmt":"2025-01-05T17:29:05","slug":"descripcion","status":"publish","type":"page","link":"https:\/\/vistaverde.art\/?page_id=119","title":{"rendered":"Descripci\u00f3n de caba\u00f1a Yaca"},"content":{"rendered":"\t\t<div data-elementor-type=\"wp-page\" data-elementor-id=\"119\" class=\"elementor elementor-119\">\n\t\t\t\t<div class=\"elementor-element elementor-element-5caaab45 e-flex e-con-boxed e-con e-parent\" data-id=\"5caaab45\" data-element_type=\"container\">\n\t\t\t\t\t<div class=\"e-con-inner\">\n\t\t\t\t<div class=\"elementor-element elementor-element-59d30640 elementor-widget elementor-widget-text-editor\" data-id=\"59d30640\" data-element_type=\"widget\" data-widget_type=\"text-editor.default\">\n\t\t\t\t<div class=\"elementor-widget-container\">\n\t\t\t\t\t\t\t\t\t\n<h6 class=\"wp-block-heading\"><strong>Nombre de esta caba\u00f1a : Yaca<\/strong><\/h6>\n\n<p>Yaca cuenta con ba\u00f1o, ducha, cama doble, cocina, refrigerador. cocina a inducci\u00f3n y terraza con vista al oc\u00e9ano.<\/p>\n\n<figure class=\"wp-block-gallery has-nested-images columns-default is-cropped wp-block-gallery-2 is-layout-flex wp-block-gallery-is-layout-flex\">\n<figure class=\"wp-block-image size-large\"><img fetchpriority=\"high\" decoding=\"async\" width=\"543\" height=\"1024\" data-id=\"124\" class=\"wp-image-124\" src=\"https:\/\/vistaverde.art\/wp-content\/uploads\/2025\/01\/IMG-20250101-WA0009-1-543x1024.jpg\" alt=\"\" srcset=\"https:\/\/vistaverde.art\/wp-content\/uploads\/2025\/01\/IMG-20250101-WA0009-1-543x1024.jpg 543w, https:\/\/vistaverde.art\/wp-content\/uploads\/2025\/01\/IMG-20250101-WA0009-1-159x300.jpg 159w, https:\/\/vistaverde.art\/wp-content\/uploads\/2025\/01\/IMG-20250101-WA0009-1-768x1447.jpg 768w, https:\/\/vistaverde.art\/wp-content\/uploads\/2025\/01\/IMG-20250101-WA0009-1-815x1536.jpg 815w, https:\/\/vistaverde.art\/wp-content\/uploads\/2025\/01\/IMG-20250101-WA0009-1.jpg 849w\" sizes=\"(max-width: 543px) 100vw, 543px\" \/><\/figure>\n\n<figure class=\"wp-block-image size-large\"><img decoding=\"async\" width=\"667\" height=\"1024\" data-id=\"127\" class=\"wp-image-127\" src=\"https:\/\/vistaverde.art\/wp-content\/uploads\/2025\/01\/IMG-20250101-WA0008-1-667x1024.jpg\" alt=\"\" srcset=\"https:\/\/vistaverde.art\/wp-content\/uploads\/2025\/01\/IMG-20250101-WA0008-1-667x1024.jpg 667w, https:\/\/vistaverde.art\/wp-content\/uploads\/2025\/01\/IMG-20250101-WA0008-1-195x300.jpg 195w, https:\/\/vistaverde.art\/wp-content\/uploads\/2025\/01\/IMG-20250101-WA0008-1.jpg 720w\" sizes=\"(max-width: 667px) 100vw, 667px\" \/><\/figure>\n\n<figure class=\"wp-block-image size-large\"><img decoding=\"async\" width=\"576\" height=\"1024\" data-id=\"120\" class=\"wp-image-120\" src=\"https:\/\/vistaverde.art\/wp-content\/uploads\/2025\/01\/IMG-20250101-WA0003-1-576x1024.jpg\" alt=\"\" srcset=\"https:\/\/vistaverde.art\/wp-content\/uploads\/2025\/01\/IMG-20250101-WA0003-1-576x1024.jpg 576w, https:\/\/vistaverde.art\/wp-content\/uploads\/2025\/01\/IMG-20250101-WA0003-1-169x300.jpg 169w, https:\/\/vistaverde.art\/wp-content\/uploads\/2025\/01\/IMG-20250101-WA0003-1.jpg 720w\" sizes=\"(max-width: 576px) 100vw, 576px\" \/><\/figure>\n\n<figure class=\"wp-block-image size-large\"><img loading=\"lazy\" decoding=\"async\" width=\"576\" height=\"1024\" data-id=\"125\" class=\"wp-image-125\" src=\"https:\/\/vistaverde.art\/wp-content\/uploads\/2025\/01\/IMG-20250101-WA0004-1-576x1024.jpg\" alt=\"\" srcset=\"https:\/\/vistaverde.art\/wp-content\/uploads\/2025\/01\/IMG-20250101-WA0004-1-576x1024.jpg 576w, https:\/\/vistaverde.art\/wp-content\/uploads\/2025\/01\/IMG-20250101-WA0004-1-169x300.jpg 169w, https:\/\/vistaverde.art\/wp-content\/uploads\/2025\/01\/IMG-20250101-WA0004-1.jpg 720w\" sizes=\"(max-width: 576px) 100vw, 576px\" \/><\/figure>\n\n<figure class=\"wp-block-image size-large\"><img loading=\"lazy\" decoding=\"async\" width=\"720\" height=\"852\" data-id=\"122\" class=\"wp-image-122\" src=\"https:\/\/vistaverde.art\/wp-content\/uploads\/2025\/01\/IMG-20250101-WA0002-1.jpg\" alt=\"\" srcset=\"https:\/\/vistaverde.art\/wp-content\/uploads\/2025\/01\/IMG-20250101-WA0002-1.jpg 720w, https:\/\/vistaverde.art\/wp-content\/uploads\/2025\/01\/IMG-20250101-WA0002-1-254x300.jpg 254w\" sizes=\"(max-width: 720px) 100vw, 720px\" \/><\/figure>\n\n<figure class=\"wp-block-image size-large\"><img loading=\"lazy\" decoding=\"async\" width=\"576\" height=\"1024\" data-id=\"121\" class=\"wp-image-121\" src=\"https:\/\/vistaverde.art\/wp-content\/uploads\/2025\/01\/IMG-20250101-WA0005-1-576x1024.jpg\" alt=\"\" srcset=\"https:\/\/vistaverde.art\/wp-content\/uploads\/2025\/01\/IMG-20250101-WA0005-1-576x1024.jpg 576w, https:\/\/vistaverde.art\/wp-content\/uploads\/2025\/01\/IMG-20250101-WA0005-1-169x300.jpg 169w, https:\/\/vistaverde.art\/wp-content\/uploads\/2025\/01\/IMG-20250101-WA0005-1.jpg 720w\" sizes=\"(max-width: 576px) 100vw, 576px\" \/><\/figure>\n\n<figure class=\"wp-block-image size-large\"><img loading=\"lazy\" decoding=\"async\" width=\"584\" height=\"1024\" data-id=\"126\" class=\"wp-image-126\" src=\"https:\/\/vistaverde.art\/wp-content\/uploads\/2025\/01\/IMG-20250101-WA0006-1-584x1024.jpg\" alt=\"\" srcset=\"https:\/\/vistaverde.art\/wp-content\/uploads\/2025\/01\/IMG-20250101-WA0006-1-584x1024.jpg 584w, https:\/\/vistaverde.art\/wp-content\/uploads\/2025\/01\/IMG-20250101-WA0006-1-171x300.jpg 171w, https:\/\/vistaverde.art\/wp-content\/uploads\/2025\/01\/IMG-20250101-WA0006-1.jpg 720w\" sizes=\"(max-width: 584px) 100vw, 584px\" \/><\/figure>\n\n<figure class=\"wp-block-image size-large\"><img loading=\"lazy\" decoding=\"async\" width=\"566\" height=\"1024\" data-id=\"123\" class=\"wp-image-123\" src=\"https:\/\/vistaverde.art\/wp-content\/uploads\/2025\/01\/IMG-20250101-WA0007-1-566x1024.jpg\" alt=\"\" srcset=\"https:\/\/vistaverde.art\/wp-content\/uploads\/2025\/01\/IMG-20250101-WA0007-1-566x1024.jpg 566w, https:\/\/vistaverde.art\/wp-content\/uploads\/2025\/01\/IMG-20250101-WA0007-1-166x300.jpg 166w, https:\/\/vistaverde.art\/wp-content\/uploads\/2025\/01\/IMG-20250101-WA0007-1.jpg 636w\" sizes=\"(max-width: 566px) 100vw, 566px\" \/><\/figure>\n<\/figure>\n\n<p><\/p><\/div><\/div><\/div><\/div><\/div> <a href=\"https:\/\/vistaverde.art\/?page_id=119#more-119\" class=\"more-link elementor-more-link\"><span aria-label=\"Sigue leyendo Descripci\u00f3n de caba\u00f1a Yaca\">ELIGE TU MODO DE RESERVACI\u00d3N<\/span><\/a>","protected":false},"excerpt":{"rendered":"<p>Nombre de esta caba\u00f1a : Yaca Yaca cuenta con ba\u00f1o, ducha, cama doble, cocina, refrigerador. cocina a inducci\u00f3n y terraza con vista al oc\u00e9ano.<\/p>\n","protected":false},"author":1,"featured_media":0,"parent":10,"menu_order":0,"comment_status":"closed","ping_status":"closed","template":"","meta":{"footnotes":""},"class_list":["post-119","page","type-page","status-publish","hentry"],"_links":{"self":[{"href":"https:\/\/vistaverde.art\/index.php?rest_route=\/wp\/v2\/pages\/119","targetHints":{"allow":["GET"]}}],"collection":[{"href":"https:\/\/vistaverde.art\/index.php?rest_route=\/wp\/v2\/pages"}],"about":[{"href":"https:\/\/vistaverde.art\/index.php?rest_route=\/wp\/v2\/types\/page"}],"author":[{"embeddable":true,"href":"https:\/\/vistaverde.art\/index.php?rest_route=\/wp\/v2\/users\/1"}],"replies":[{"embeddable":true,"href":"https:\/\/vistaverde.art\/index.php?rest_route=%2Fwp%2Fv2%2Fcomments&post=119"}],"version-history":[{"count":5,"href":"https:\/\/vistaverde.art\/index.php?rest_route=\/wp\/v2\/pages\/119\/revisions"}],"predecessor-version":[{"id":374,"href":"https:\/\/vistaverde.art\/index.php?rest_route=\/wp\/v2\/pages\/119\/revisions\/374"}],"up":[{"embeddable":true,"href":"https:\/\/vistaverde.art\/index.php?rest_route=\/wp\/v2\/pages\/10"}],"wp:attachment":[{"href":"https:\/\/vistaverde.art\/index.php?rest_route=%2Fwp%2Fv2%2Fmedia&parent=119"}],"curies":[{"name":"wp","href":"https:\/\/api.w.org\/{rel}","templated":true}]}}