{"id":11,"date":"2024-10-27T21:20:32","date_gmt":"2024-10-27T21:20:32","guid":{"rendered":"https:\/\/vistaverde.art\/?page_id=11"},"modified":"2026-04-01T11:44:47","modified_gmt":"2026-04-01T14:44:47","slug":"about","status":"publish","type":"page","link":"https:\/\/vistaverde.art\/?page_id=11","title":{"rendered":"Acerca de"},"content":{"rendered":"\t\t<div data-elementor-type=\"wp-page\" data-elementor-id=\"11\" class=\"elementor elementor-11\">\n\t\t\t\t<div class=\"elementor-element elementor-element-27a7ecf4 e-flex e-con-boxed e-con e-parent\" data-id=\"27a7ecf4\" data-element_type=\"container\">\n\t\t\t\t\t<div class=\"e-con-inner\">\n\t\t\t\t<div class=\"elementor-element elementor-element-328a490 elementor-widget elementor-widget-text-editor\" data-id=\"328a490\" data-element_type=\"widget\" data-widget_type=\"text-editor.default\">\n\t\t\t\t<div class=\"elementor-widget-container\">\n\t\t\t\t\t\t\t\t\t\n<p>\u00a1Bienvenidos a Vista Verde, un paraje sereno a pasos de Playa Luna!<\/p>\n<p>Nuestra empresa ofrece encantadoras caba\u00f1as est\u00e1n dise\u00f1adas para ofrecer la mezcla perfecta de comodidad y naturaleza, permitiendo a nuestros hu\u00e9spedes un momento de relajo y conexi\u00f3n con la madre tierra, un escape a estos lados demuestra ser m\u00e1s que unas simples vacaciones, se trata de una experiencia para rejuvenecer el esp\u00edritu.<\/p>\n<p>Te invitamos a descubrir la tranquilidad de la zona costera, donde cada momento es una bocanada de aire fresco.<\/p>\n\t\t\t\t\t\t\t\t<\/div>\n\t\t\t\t<\/div>\n\t\t\t\t\t<\/div>\n\t\t\t\t<\/div>\n\t\t\t\t<\/div>\n\t\t","protected":false},"excerpt":{"rendered":"<p>\u00a1Bienvenidos a Vista Verde, un paraje sereno a pasos de Playa Luna! Nuestra empresa ofrece encantadoras caba\u00f1as est\u00e1n dise\u00f1adas para ofrecer la mezcla perfecta de comodidad y naturaleza, permitiendo a nuestros hu\u00e9spedes un momento de relajo y conexi\u00f3n con la madre tierra, un escape a estos lados demuestra ser m\u00e1s que unas simples vacaciones, se &hellip; <\/p>\n<p class=\"link-more\"><a href=\"https:\/\/vistaverde.art\/?page_id=11\" class=\"more-link\">Continue reading<span class=\"screen-reader-text\"> &#8220;Acerca de&#8221;<\/span><\/a><\/p>\n","protected":false},"author":1,"featured_media":30,"parent":0,"menu_order":0,"comment_status":"closed","ping_status":"closed","template":"","meta":{"footnotes":""},"class_list":["post-11","page","type-page","status-publish","has-post-thumbnail","hentry"],"_links":{"self":[{"href":"https:\/\/vistaverde.art\/index.php?rest_route=\/wp\/v2\/pages\/11","targetHints":{"allow":["GET"]}}],"collection":[{"href":"https:\/\/vistaverde.art\/index.php?rest_route=\/wp\/v2\/pages"}],"about":[{"href":"https:\/\/vistaverde.art\/index.php?rest_route=\/wp\/v2\/types\/page"}],"author":[{"embeddable":true,"href":"https:\/\/vistaverde.art\/index.php?rest_route=\/wp\/v2\/users\/1"}],"replies":[{"embeddable":true,"href":"https:\/\/vistaverde.art\/index.php?rest_route=%2Fwp%2Fv2%2Fcomments&post=11"}],"version-history":[{"count":5,"href":"https:\/\/vistaverde.art\/index.php?rest_route=\/wp\/v2\/pages\/11\/revisions"}],"predecessor-version":[{"id":637,"href":"https:\/\/vistaverde.art\/index.php?rest_route=\/wp\/v2\/pages\/11\/revisions\/637"}],"wp:featuredmedia":[{"embeddable":true,"href":"https:\/\/vistaverde.art\/index.php?rest_route=\/wp\/v2\/media\/30"}],"wp:attachment":[{"href":"https:\/\/vistaverde.art\/index.php?rest_route=%2Fwp%2Fv2%2Fmedia&parent=11"}],"curies":[{"name":"wp","href":"https:\/\/api.w.org\/{rel}","templated":true}]}}