{"id":10,"date":"2024-10-27T21:20:32","date_gmt":"2024-10-27T21:20:32","guid":{"rendered":"https:\/\/vistaverde.art\/?page_id=10"},"modified":"2026-04-01T11:46:19","modified_gmt":"2026-04-01T14:46:19","slug":"home","status":"publish","type":"page","link":"https:\/\/vistaverde.art\/","title":{"rendered":"Reservas"},"content":{"rendered":"\t\t<div data-elementor-type=\"wp-page\" data-elementor-id=\"10\" class=\"elementor elementor-10\">\n\t\t\t\t<div class=\"elementor-element elementor-element-3100447 e-flex e-con-boxed e-con e-parent\" data-id=\"3100447\" data-element_type=\"container\">\n\t\t\t\t\t<div class=\"e-con-inner\">\n\t\t\t\t<div class=\"elementor-element elementor-element-65ee5cb elementor-widget elementor-widget-text-editor\" data-id=\"65ee5cb\" data-element_type=\"widget\" data-widget_type=\"text-editor.default\">\n\t\t\t\t<div class=\"elementor-widget-container\">\n\t\t\t\t\t\t\t\t\t<p>En nuestras caba\u00f1as, puedes elegir de que modo deseas arrendar.<\/p>\n<p>Para hacerlo, accede a la descripci\u00f3n de cada caba\u00f1a en el menu principal, en ella encontraras dos botones que te llevan al modo de reserva de tu preferencia.<\/p>\n<p>\u00a1Ya sea directamente con los due\u00f1os o a trav\u00e9s de Airbnb, lo importante es que nuestros clientes se sientan completamente a gusto!<\/p>\n<p>Como empresa, entregaremos boleta o factura segun el caso.\u00a0<\/p>\t\t\t\t\t\t\t\t<\/div>\n\t\t\t\t<\/div>\n\t\t\t\t\t<\/div>\n\t\t\t\t<\/div>\n\t\t<div class=\"elementor-element elementor-element-611d9958 e-flex e-con-boxed e-con e-parent\" data-id=\"611d9958\" data-element_type=\"container\">\n\t\t\t\t\t<div class=\"e-con-inner\">\n\t\t\t\t<div class=\"elementor-element elementor-element-7628662f elementor-drop-cap-yes elementor-drop-cap-view-default elementor-widget elementor-widget-text-editor\" data-id=\"7628662f\" data-element_type=\"widget\" data-settings=\"{&quot;drop_cap&quot;:&quot;yes&quot;}\" data-widget_type=\"text-editor.default\">\n\t\t\t\t<div class=\"elementor-widget-container\">\n\t\t\t\t\t\t\t\t\t<p><a class=\"wp-block-button__link wp-element-button\" style=\"font-size: 1rem;\" href=\"https:\/\/wa.me\/56961937104\"><strong>Contactar due\u00f1os<\/strong><\/a><\/p>\n<p><!-- \/wp:buttons --><!-- wp:paragraph --><\/p>\n<p><!-- \/wp:paragraph --><\/p>\t\t\t\t\t\t\t\t<\/div>\n\t\t\t\t<\/div>\n\t\t\t\t\t<\/div>\n\t\t\t\t<\/div>\n\t\t\t\t<\/div>\n\t\t","protected":false},"excerpt":{"rendered":"<p>En nuestras caba\u00f1as, puedes elegir de que modo deseas arrendar. Para hacerlo, accede a la descripci\u00f3n de cada caba\u00f1a en el menu principal, en ella encontraras dos botones que te llevan al modo de reserva de tu preferencia. \u00a1Ya sea directamente con los due\u00f1os o a trav\u00e9s de Airbnb, lo importante es que nuestros clientes &hellip; <\/p>\n<p class=\"link-more\"><a href=\"https:\/\/vistaverde.art\/\" class=\"more-link\">Continue reading<span class=\"screen-reader-text\"> &#8220;Reservas&#8221;<\/span><\/a><\/p>\n","protected":false},"author":1,"featured_media":64,"parent":0,"menu_order":0,"comment_status":"closed","ping_status":"closed","template":"","meta":{"footnotes":""},"class_list":["post-10","page","type-page","status-publish","has-post-thumbnail","hentry"],"_links":{"self":[{"href":"https:\/\/vistaverde.art\/index.php?rest_route=\/wp\/v2\/pages\/10","targetHints":{"allow":["GET"]}}],"collection":[{"href":"https:\/\/vistaverde.art\/index.php?rest_route=\/wp\/v2\/pages"}],"about":[{"href":"https:\/\/vistaverde.art\/index.php?rest_route=\/wp\/v2\/types\/page"}],"author":[{"embeddable":true,"href":"https:\/\/vistaverde.art\/index.php?rest_route=\/wp\/v2\/users\/1"}],"replies":[{"embeddable":true,"href":"https:\/\/vistaverde.art\/index.php?rest_route=%2Fwp%2Fv2%2Fcomments&post=10"}],"version-history":[{"count":5,"href":"https:\/\/vistaverde.art\/index.php?rest_route=\/wp\/v2\/pages\/10\/revisions"}],"predecessor-version":[{"id":643,"href":"https:\/\/vistaverde.art\/index.php?rest_route=\/wp\/v2\/pages\/10\/revisions\/643"}],"wp:featuredmedia":[{"embeddable":true,"href":"https:\/\/vistaverde.art\/index.php?rest_route=\/wp\/v2\/media\/64"}],"wp:attachment":[{"href":"https:\/\/vistaverde.art\/index.php?rest_route=%2Fwp%2Fv2%2Fmedia&parent=10"}],"curies":[{"name":"wp","href":"https:\/\/api.w.org\/{rel}","templated":true}]}}